{"id":7976,"date":"2025-02-01T13:35:45","date_gmt":"2025-02-01T12:35:45","guid":{"rendered":"https:\/\/www.logomotive.se\/?page_id=7976"},"modified":"2026-02-16T01:09:27","modified_gmt":"2026-02-16T00:09:27","slug":"home","status":"publish","type":"page","link":"https:\/\/www.logomotive.se\/","title":{"rendered":"HOME"},"content":{"rendered":"<div id=\"pl-7976\"  class=\"panel-layout\" ><div id=\"pg-7976-0\"  class=\"panel-grid panel-has-style\" ><div class=\"siteorigin-panels-stretch parallax-section row-6a08516d47d51 equal-column-height panel-row-style panel-row-style-for-7976-0\" style=\"background-image: url(https:\/\/www.logomotive.se\/wp-content\/uploads\/2025\/02\/ekologisk-demookrati-02c.jpg);padding-top: 330px; padding-bottom: 20px; border-top: 0px solid; border-bottom: 0px solid; \" data-stretch-type=\"full\" data-parallax-image=\"https:\/\/www.logomotive.se\/wp-content\/uploads\/2025\/02\/ekologisk-demookrati-02c.jpg\" data-parallax-id=\".row-6a08516d47d51\" ><div id=\"pgc-7976-0-0\"  class=\"panel-grid-cell\" ><div class=\"panel-cell-style panel-cell-style-for-7976-0-0\" ><div id=\"panel-7976-0-0-0\" class=\"so-panel widget widget_sow-editor panel-first-child panel-last-child\" data-index=\"0\" ><div class=\"wow fadeInDown panel-widget-style panel-widget-style-for-7976-0-0-0\" data-wow-offset=\"10\" data-wow-iteration=\"1\" ><div\n\t\t\t\n\t\t\tclass=\"so-widget-sow-editor so-widget-sow-editor-base\"\n\t\t\t\n\t\t>\n<div class=\"siteorigin-widget-tinymce textwidget\">\n\t<h1><span class=\"float-left\">Design f\u00f6r en h\u00e5llbar framtid<\/span><\/h1>\n<\/div>\n<\/div><\/div><\/div><\/div><\/div><\/div><\/div><div id=\"pg-7976-1\"  class=\"panel-grid panel-has-style\" ><div class=\"siteorigin-panels-stretch panel-row-style panel-row-style-for-7976-1\" style=\"padding-top: 30px; border-top: 0px solid; border-bottom: 0px solid; \" data-stretch-type=\"full\" ><div id=\"pgc-7976-1-0\"  class=\"panel-grid-cell\" ><div id=\"panel-7976-1-0-0\" class=\"so-panel widget widget_sow-editor panel-first-child panel-last-child\" data-index=\"1\" ><div class=\"wow fadeIn panel-widget-style panel-widget-style-for-7976-1-0-0\" data-wow-offset=\"10\" data-wow-iteration=\"1\" ><div\n\t\t\t\n\t\t\tclass=\"so-widget-sow-editor so-widget-sow-editor-base\"\n\t\t\t\n\t\t>\n<div class=\"siteorigin-widget-tinymce textwidget\">\n\t<p class=\"p1\"><span class=\"s1\"><b>Hej, jag heter Peter von Troil.<\/b><\/span> Jag \u00e4r en klimataktivist, grafisk formgivare, ber\u00e4ttare och f\u00f6rel\u00e4sare med en passion f\u00f6r h\u00e5llbarhet, design\u00a0och meningsfull kommunikation.<\/p>\n<p class=\"p1\"><span class=\"s1\"><b>Logomotive<\/b><\/span> \u00e4r mitt kreativa varum\u00e4rke d\u00e4r jag erbjuder tj\u00e4nster inom <span class=\"s1\">visuell identitet, storytelling, f\u00f6rel\u00e4sningar och digitalt st\u00f6d<\/span> \u2013 alltid med h\u00e5llbarhet och f\u00f6r\u00e4ndring i fokus.<\/p>\n<\/div>\n<\/div><\/div><\/div><\/div><div id=\"pgc-7976-1-1\"  class=\"panel-grid-cell\" ><div id=\"panel-7976-1-1-0\" class=\"so-panel widget widget_sow-image panel-first-child panel-last-child\" data-index=\"2\" ><div class=\"panel-widget-style panel-widget-style-for-7976-1-1-0\" ><div\n\t\t\t\n\t\t\tclass=\"so-widget-sow-image so-widget-sow-image-default-c67d20f9f743-7976\"\n\t\t\t\n\t\t>\n<div class=\"sow-image-container\">\n\t\t<img \n\tsrc=\"https:\/\/www.logomotive.se\/wp-content\/uploads\/2025\/02\/port-liggande-logomotive2-b-03.svg\" width=\"360\" height=\"1\" sizes=\"(max-width: 1px) 100vw, 1px\" alt=\"\" \t\tclass=\"so-widget-image\"\/>\n\t<\/div>\n\n<\/div><\/div><\/div><\/div><\/div><\/div><div id=\"pg-7976-2\"  class=\"panel-grid panel-has-style\" ><div class=\"siteorigin-panels-stretch equal-column-height panel-row-style panel-row-style-for-7976-2\" style=\"border-top: 0px solid; border-bottom: 0px solid; \" data-stretch-type=\"full\" ><div id=\"pgc-7976-2-0\"  class=\"panel-grid-cell\" ><div id=\"panel-7976-2-0-0\" class=\"so-panel widget widget_sow-image panel-first-child panel-last-child\" data-index=\"3\" ><div\n\t\t\t\n\t\t\tclass=\"so-widget-sow-image so-widget-sow-image-default-c67d20f9f743-7976\"\n\t\t\t\n\t\t>\n<div class=\"sow-image-container\">\n\t\t<img \n\tsrc=\"https:\/\/www.logomotive.se\/wp-content\/uploads\/2026\/02\/pvtsen-webbilder-alla-02-06b.png\" width=\"1000\" height=\"800\" srcset=\"https:\/\/www.logomotive.se\/wp-content\/uploads\/2026\/02\/pvtsen-webbilder-alla-02-06b.png 1000w, https:\/\/www.logomotive.se\/wp-content\/uploads\/2026\/02\/pvtsen-webbilder-alla-02-06b-300x240.png 300w, https:\/\/www.logomotive.se\/wp-content\/uploads\/2026\/02\/pvtsen-webbilder-alla-02-06b-768x614.png 768w, https:\/\/www.logomotive.se\/wp-content\/uploads\/2026\/02\/pvtsen-webbilder-alla-02-06b-15x12.png 15w\" sizes=\"(max-width: 1000px) 100vw, 1000px\" alt=\"\" \t\tclass=\"so-widget-image\"\/>\n\t<\/div>\n\n<\/div><\/div><\/div><div id=\"pgc-7976-2-1\"  class=\"panel-grid-cell\" ><div id=\"panel-7976-2-1-0\" class=\"so-panel widget widget_sow-editor panel-first-child panel-last-child\" data-index=\"4\" ><div class=\"wow fadeIn panel-widget-style panel-widget-style-for-7976-2-1-0\" data-wow-offset=\"10\" data-wow-iteration=\"1\" ><div\n\t\t\t\n\t\t\tclass=\"so-widget-sow-editor so-widget-sow-editor-base\"\n\t\t\t\n\t\t>\n<div class=\"siteorigin-widget-tinymce textwidget\">\n\t<p class=\"p1\">Med en bakgrund inom grafisk design och en djup f\u00f6rst\u00e5else f\u00f6r h\u00e5llbarhet och beteendef\u00f6r\u00e4ndring hj\u00e4lper jag f\u00f6retag och organisationer att kommunicera sina budskap p\u00e5 ett s\u00e4tt som <span class=\"s1\"><b>engagerar och inspirerar till positiv f\u00f6r\u00e4ndring<\/b><\/span>.<\/p>\n<p class=\"p1\">Jag integrerar principer fr\u00e5n <span class=\"s1\"><b>Cradle to Cradle, biomimikry och donutekonomi<\/b><\/span> f\u00f6r att skapa identitet och kommunikation som inte bara \u00e4r vacker \u2013 utan ocks\u00e5 <span class=\"s1\"><b>h\u00e5llbar och genomt\u00e4nkt<\/b><\/span>.<\/p>\n<p class=\"p3\"><span class=\"s2\">Jag arbetar med <\/span><b>f\u00f6retag, organisationer och individer<\/b><span class=\"s2\"> som vill kommunicera med <\/span><b>tydlighet, engagemang och h\u00e5llbarhet i fokus<\/b><span class=\"s2\">.<\/span><\/p>\n<\/div>\n<\/div><\/div><\/div><\/div><\/div><\/div><div id=\"pg-7976-3\"  class=\"panel-grid panel-has-style\" ><div class=\"siteorigin-panels-stretch equal-column-height panel-row-style panel-row-style-for-7976-3\" style=\"padding-top: 30px; padding-bottom: 30px; border-top: 0px solid; border-bottom: 0px solid; \" data-stretch-type=\"full\" ><div id=\"pgc-7976-3-0\"  class=\"panel-grid-cell\" ><div id=\"panel-7976-3-0-0\" class=\"so-panel widget widget_sow-editor panel-first-child\" data-index=\"5\" ><div class=\"wow fadeInUp panel-widget-style panel-widget-style-for-7976-3-0-0\" data-wow-offset=\"10\" data-wow-iteration=\"1\" ><div\n\t\t\t\n\t\t\tclass=\"so-widget-sow-editor so-widget-sow-editor-base\"\n\t\t\t\n\t\t>\n<div class=\"siteorigin-widget-tinymce textwidget\">\n\t<h2>Vem bryr sig om framtiden?<\/h2>\n<p>F\u00f6r mig handlar design om mer \u00e4n estetik \u2013 det handlar om att skapa n\u00e5got med mening. Jag vill samarbeta med f\u00f6retag och organisationer som delar min vilja att bidra till en b\u00e4ttre v\u00e4rld.<\/p>\n<\/div>\n<\/div><\/div><\/div><div id=\"panel-7976-3-0-1\" class=\"so-panel widget widget_sow-button panel-last-child\" data-index=\"6\" ><div class=\"wow fadeInUp panel-widget-style panel-widget-style-for-7976-3-0-1\" data-wow-offset=\"10\" data-wow-iteration=\"1\" ><div\n\t\t\t\n\t\t\tclass=\"so-widget-sow-button so-widget-sow-button-flat-acdb928dac0b-7976\"\n\t\t\t\n\t\t><div class=\"ow-button-base ow-button-align-left\"\n>\n\t\t\t<a\n\t\t\t\t\thref=\"https:\/\/www.logomotive.se\/eng\/vem\/\"\n\t\t\t\t\tclass=\"sowb-button ow-icon-placement-left ow-button-hover\" \t>\n\t\t<span>\n\t\t\t\n\t\t\tL\u00e4s mer\t\t<\/span>\n\t\t\t<\/a>\n\t<\/div>\n<\/div><\/div><\/div><\/div><div id=\"pgc-7976-3-1\"  class=\"panel-grid-cell\" ><div id=\"panel-7976-3-1-0\" class=\"so-panel widget widget_sow-editor panel-first-child panel-last-child\" data-index=\"7\" ><div class=\"wow fadeInUp panel-widget-style panel-widget-style-for-7976-3-1-0\" data-wow-offset=\"10\" data-wow-iteration=\"1\" ><div\n\t\t\t\n\t\t\tclass=\"so-widget-sow-editor so-widget-sow-editor-base\"\n\t\t\t\n\t\t>\n<div class=\"siteorigin-widget-tinymce textwidget\">\n\t<\/div>\n<\/div><\/div><\/div><\/div><\/div><\/div><div id=\"pg-7976-4\"  class=\"panel-grid panel-has-style\" ><div class=\"siteorigin-panels-stretch equal-column-height panel-row-style panel-row-style-for-7976-4\" style=\"padding-top: 30px; border-top: 0px solid; border-bottom: 0px solid; \" data-stretch-type=\"full\" ><div id=\"pgc-7976-4-0\"  class=\"panel-grid-cell\" ><div id=\"panel-7976-4-0-0\" class=\"so-panel widget widget_sow-editor panel-first-child\" data-index=\"8\" ><div class=\"wow fadeInUp panel-widget-style panel-widget-style-for-7976-4-0-0\" data-wow-offset=\"10\" data-wow-iteration=\"1\" ><div\n\t\t\t\n\t\t\tclass=\"so-widget-sow-editor so-widget-sow-editor-base\"\n\t\t\t\n\t\t>\n<div class=\"siteorigin-widget-tinymce textwidget\">\n\t<h2>Vad kan jag erbjuda?<\/h2>\n<p>Jag hj\u00e4lper f\u00f6retag och organisationer att kommunicera sina id\u00e9er genom genomt\u00e4nkt design och ber\u00e4ttelser som engagerar. Oavsett om det g\u00e4ller en logotyp, en visuell identitet eller en strategi f\u00f6r h\u00e5llbar kommunikation, \u00e4r mitt m\u00e5l att skapa n\u00e5got som g\u00f6r skillnad.<\/p>\n<\/div>\n<\/div><\/div><\/div><div id=\"panel-7976-4-0-1\" class=\"so-panel widget widget_sow-button panel-last-child\" data-index=\"9\" ><div class=\"wow fadeInUp panel-widget-style panel-widget-style-for-7976-4-0-1\" data-wow-offset=\"10\" data-wow-iteration=\"1\" ><div\n\t\t\t\n\t\t\tclass=\"so-widget-sow-button so-widget-sow-button-flat-acdb928dac0b-7976\"\n\t\t\t\n\t\t><div class=\"ow-button-base ow-button-align-left\"\n>\n\t\t\t<a\n\t\t\t\t\thref=\"https:\/\/www.logomotive.se\/eng\/vad\/\"\n\t\t\t\t\tclass=\"sowb-button ow-icon-placement-left ow-button-hover\" \t>\n\t\t<span>\n\t\t\t\n\t\t\tL\u00e4s mer\t\t<\/span>\n\t\t\t<\/a>\n\t<\/div>\n<\/div><\/div><\/div><\/div><div id=\"pgc-7976-4-1\"  class=\"panel-grid-cell\" ><div id=\"panel-7976-4-1-0\" class=\"so-panel widget widget_sow-editor panel-first-child panel-last-child\" data-index=\"10\" ><div class=\"wow fadeInUp panel-widget-style panel-widget-style-for-7976-4-1-0\" data-wow-offset=\"10\" data-wow-iteration=\"1\" ><div\n\t\t\t\n\t\t\tclass=\"so-widget-sow-editor so-widget-sow-editor-base\"\n\t\t\t\n\t\t>\n<div class=\"siteorigin-widget-tinymce textwidget\">\n\t<\/div>\n<\/div><\/div><\/div><\/div><\/div><\/div><div id=\"pg-7976-5\"  class=\"panel-grid panel-has-style\" ><div class=\"siteorigin-panels-stretch equal-column-height panel-row-style panel-row-style-for-7976-5\" style=\"padding-top: 30px; padding-bottom: 30px; padding-left: 0px; padding-right: 0px; \" data-stretch-type=\"full\" ><div id=\"pgc-7976-5-0\"  class=\"panel-grid-cell\" ><div id=\"panel-7976-5-0-0\" class=\"so-panel widget widget_sow-editor panel-first-child\" data-index=\"11\" ><div class=\"wow fadeInUp v-center panel-widget-style panel-widget-style-for-7976-5-0-0\" data-wow-offset=\"10\" data-wow-iteration=\"1\" ><div\n\t\t\t\n\t\t\tclass=\"so-widget-sow-editor so-widget-sow-editor-base\"\n\t\t\t\n\t\t>\n<div class=\"siteorigin-widget-tinymce textwidget\">\n\t<h2 style=\"text-align: left;\">Vad andra s\u00e4ger<\/h2>\n<\/div>\n<\/div><\/div><\/div><div id=\"panel-7976-5-0-1\" class=\"so-panel widget widget_ttrust_testimonials create-testimonials panel-last-child\" data-index=\"12\" ><div class=\"wow fadeInUp panel-widget-style panel-widget-style-for-7976-5-0-1\" data-wow-offset=\"10\" data-wow-iteration=\"1\" >\t\t\t\t<div id=\"widget-5-0-1\" class=\"testimonials carousel col-1 alignment-left\">\n\t\t\t\t\n\t\t\t\t\t\t\t\t\t\t\n<div class=\"testimonial small clearfix\">\n\t<div class=\"inside\">\t\n\t\t<div class=\"testimonial-img\">\t\t\t\n\t\t\t<img loading=\"lazy\" decoding=\"async\" width=\"200\" height=\"200\" src=\"https:\/\/www.logomotive.se\/wp-content\/uploads\/2020\/11\/IMG_6853-shaban.jpg\" class=\" wp-post-image\" alt=\"Shaban Juka, Autotech\" title=\"Shaban Juka, Autotech\" srcset=\"https:\/\/www.logomotive.se\/wp-content\/uploads\/2020\/11\/IMG_6853-shaban.jpg 200w, https:\/\/www.logomotive.se\/wp-content\/uploads\/2020\/11\/IMG_6853-shaban-150x150.jpg 150w\" sizes=\"auto, (max-width: 200px) 100vw, 200px\" \/>\t\t\t\t\t\t\n\t\t<\/div>\t\n\t\t<div class=\"testimonial-text\">\t\t\t\n\t\t\t<p>\u201dVi p\u00e5 Autotech \u00e4r mycket n\u00f6jda med v\u00e5rt nya varum\u00e4rke som designades av Logomotive. Deras kreativa design och professionella arbete har verkligen hj\u00e4lpt oss att sticka ut p\u00e5 marknaden och skapa en stark n\u00e4rvaro.\u201d<\/p>\n\t\n\t\t\t<span class=\"title\"><span>Shaban Juka, Autotech<\/span><\/span>\n\t\t<\/div>\n\t<\/div>\t\t\t\n<\/div>\n\t\t\t\t\t\t\n<div class=\"testimonial small clearfix\">\n\t<div class=\"inside\">\t\n\t\t<div class=\"testimonial-img\">\t\t\t\n\t\t\t<img loading=\"lazy\" decoding=\"async\" width=\"200\" height=\"200\" src=\"https:\/\/www.logomotive.se\/wp-content\/uploads\/2015\/08\/peter_hallberg_longstay.png\" class=\" wp-post-image\" alt=\"Peter Hallberg, Hylliekrokens Golfcenter\" title=\"Peter Hallberg, Hylliekrokens Golfcenter\" srcset=\"https:\/\/www.logomotive.se\/wp-content\/uploads\/2015\/08\/peter_hallberg_longstay.png 200w, https:\/\/www.logomotive.se\/wp-content\/uploads\/2015\/08\/peter_hallberg_longstay-150x150.png 150w\" sizes=\"auto, (max-width: 200px) 100vw, 200px\" \/>\t\t\t\t\t\t\n\t\t<\/div>\t\n\t\t<div class=\"testimonial-text\">\t\t\t\n\t\t\t<p>&#8221;Peter f\u00e5ngade k\u00e4rnan i v\u00e5r verksamhet och skapade ett varum\u00e4rke som r\u00f6nt stor uppskattning av b\u00e5de nya och gamla kunder. Vi ser fram emot att arbeta med honom igen i framtiden.&#8221;<\/p>\n\t\n\t\t\t<span class=\"title\"><span>Peter Hallberg, Hylliekrokens Golfcenter<\/span><\/span>\n\t\t<\/div>\n\t<\/div>\t\t\t\n<\/div>\n\t\t\t\t\t\t\n<div class=\"testimonial small clearfix\">\n\t<div class=\"inside\">\t\n\t\t<div class=\"testimonial-img\">\t\t\t\n\t\t\t<img loading=\"lazy\" decoding=\"async\" width=\"200\" height=\"200\" src=\"https:\/\/www.logomotive.se\/wp-content\/uploads\/2015\/06\/MaxDinMaklare_nylund_02.jpg\" class=\" wp-post-image\" alt=\"Jarl-Erik Nylund, Juristpunkten\" title=\"Jarl-Erik Nylund, Juristpunkten\" srcset=\"https:\/\/www.logomotive.se\/wp-content\/uploads\/2015\/06\/MaxDinMaklare_nylund_02.jpg 200w, https:\/\/www.logomotive.se\/wp-content\/uploads\/2015\/06\/MaxDinMaklare_nylund_02-150x150.jpg 150w\" sizes=\"auto, (max-width: 200px) 100vw, 200px\" \/>\t\t\t\t\t\t\n\t\t<\/div>\t\n\t\t<div class=\"testimonial-text\">\t\t\t\n\t\t\t<p>&#8221;Peter kunde utveckla en id\u00e9 som verkligen var beskrivande f\u00f6r vad Juristpunkten handlar om. Om jag n\u00e5gonsin beh\u00f6ver en logotyp avsedd f\u00f6r n\u00e5got, skulle jag anlita Logomotive igen, och jag skulle inte tveka att rekommendera honom.&#8221;<\/p>\n\t\n\t\t\t<span class=\"title\"><span>Jarl-Erik Nylund, Juristpunkten<\/span><\/span>\n\t\t<\/div>\n\t<\/div>\t\t\t\n<\/div>\n\t\t\t\t\t\t\n<div class=\"testimonial small clearfix\">\n\t<div class=\"inside\">\t\n\t\t<div class=\"testimonial-img\">\t\t\t\n\t\t\t<img loading=\"lazy\" decoding=\"async\" width=\"200\" height=\"200\" src=\"https:\/\/www.logomotive.se\/wp-content\/uploads\/2020\/11\/images-29-4.jpg\" class=\" wp-post-image\" alt=\"Jan Forsell, JFGA\" title=\"Jan Forsell, JFGA\" srcset=\"https:\/\/www.logomotive.se\/wp-content\/uploads\/2020\/11\/images-29-4.jpg 200w, https:\/\/www.logomotive.se\/wp-content\/uploads\/2020\/11\/images-29-4-150x150.jpg 150w\" sizes=\"auto, (max-width: 200px) 100vw, 200px\" \/>\t\t\t\t\t\t\n\t\t<\/div>\t\n\t\t<div class=\"testimonial-text\">\t\t\t\n\t\t\t<p>&#8221;Peter skapade en fantastisk logotyp tillsammans med designguider och annat tryckt material vilket har bidragit till att v\u00e4cka nyfikenhet och locka nya kunder.&#8221;<\/p>\n\t\n\t\t\t<span class=\"title\"><span>Jan Forsell, JFGA<\/span><\/span>\n\t\t<\/div>\n\t<\/div>\t\t\t\n<\/div>\n\t\t\t\t\t\t\n<div class=\"testimonial small clearfix\">\n\t<div class=\"inside\">\t\n\t\t<div class=\"testimonial-img\">\t\t\t\n\t\t\t<img loading=\"lazy\" decoding=\"async\" width=\"200\" height=\"200\" src=\"https:\/\/www.logomotive.se\/wp-content\/uploads\/2020\/11\/patrik-brandt-repiper-04.jpg\" class=\" wp-post-image\" alt=\"Patrik Brandt, Repiper\" title=\"Patrik Brandt, Repiper\" srcset=\"https:\/\/www.logomotive.se\/wp-content\/uploads\/2020\/11\/patrik-brandt-repiper-04.jpg 200w, https:\/\/www.logomotive.se\/wp-content\/uploads\/2020\/11\/patrik-brandt-repiper-04-150x150.jpg 150w\" sizes=\"auto, (max-width: 200px) 100vw, 200px\" \/>\t\t\t\t\t\t\n\t\t<\/div>\t\n\t\t<div class=\"testimonial-text\">\t\t\t\n\t\t\t<p>&#8221;Logomotive har under flera \u00e5r levererat reklamtj\u00e4nster \u00e5t oss. V\u00e5r nya rena enkla profil har st\u00e4rkt v\u00e5r konkurrenskraft p\u00e5 marknaden och de tydliga illustrationerna och animeringarna har varit centrala verktyg i v\u00e5r f\u00f6rs\u00e4ljning och framg\u00e5ng. Vi kan bara ge v\u00e5ra starkaste rekommendationer.&#8221;<\/p>\n\t\n\t\t\t<span class=\"title\"><span>Patrik Brandt, Repiper<\/span><\/span>\n\t\t<\/div>\n\t<\/div>\t\t\t\n<\/div>\n\t\t\t\t\t\t\n<div class=\"testimonial small clearfix\">\n\t<div class=\"inside\">\t\n\t\t<div class=\"testimonial-img\">\t\t\t\n\t\t\t<img loading=\"lazy\" decoding=\"async\" width=\"200\" height=\"200\" src=\"https:\/\/www.logomotive.se\/wp-content\/uploads\/2015\/08\/Ola_03.jpg\" class=\" wp-post-image\" alt=\"Ola Larsson, Hangaren\" title=\"Ola Larsson, Hangaren\" srcset=\"https:\/\/www.logomotive.se\/wp-content\/uploads\/2015\/08\/Ola_03.jpg 200w, https:\/\/www.logomotive.se\/wp-content\/uploads\/2015\/08\/Ola_03-150x150.jpg 150w\" sizes=\"auto, (max-width: 200px) 100vw, 200px\" \/>\t\t\t\t\t\t\n\t\t<\/div>\t\n\t\t<div class=\"testimonial-text\">\t\t\t\n\t\t\t<p>&#8221;Peter g\u00f6r alltid fantastiskt bra jobb oavsett vilka uppdrag vi ger honom. V\u00e5rt samarbete forts\u00e4tter med gl\u00e4dje och f\u00f6rtroende.&#8221;<\/p>\n\t\n\t\t\t<span class=\"title\"><span>Ola Larsson, Hangaren<\/span><\/span>\n\t\t<\/div>\n\t<\/div>\t\t\t\n<\/div>\n\t\t\t\t\t\t\t\t\t\t<\/div><!-- .testimonials -->\n\t\t\t\t<\/div><\/div>\t\t\t\t\t\t\t\t\t<script type=\"text\/javascript\">\n\t\t\t\t\t\/\/<![CDATA[\n\t\t\t\t\tjQuery(window).load(function(){\t\t\n\t\t\t\t\t\tjQuery('#widget-5-0-1.testimonials.carousel').owlCarousel({\n\t\t\t\t\t\t    items : 1,\t\t\t\t\t\t\t\n\t\t\t\t\t\t\titemsDesktop : [1199,1],\n\t\t\t\t\t\t\titemsDesktopSmall : [980,1],\n\t\t\t\t\t\t\titemsTablet: [768,1],\n\t\t\t\t\t\t\titemsTabletSmall: false,\n\t\t\t\t\t\t\titemsMobile : [479,1]\t\t\t\t\t\t\n\t\t\t\t\t\t})\n\t\t\t\t\t\tjQuery('head').append('<style type=\"text\/css\">#widget-5-0-1.testimonials.carousel .owl-controls .owl-pagination .owl-page span {background-color: #ffffff;}<\/style>');\n\t\t\t\t\t});\n\t\t\t\t\t\/\/]]>\n\t\t\t\t\t<\/script>\n\t\t\t\t\n<\/div><\/div><\/div><div id=\"pg-7976-6\"  class=\"panel-grid panel-has-style\" ><div class=\"siteorigin-panels-stretch equal-column-height panel-row-style panel-row-style-for-7976-6\" style=\"padding-top: 30px; padding-bottom: 30px; border-top: 0px solid; border-bottom: 0px solid; \" data-stretch-type=\"full\" ><div id=\"pgc-7976-6-0\"  class=\"panel-grid-cell\" ><div id=\"panel-7976-6-0-0\" class=\"so-panel widget widget_sow-editor panel-first-child\" data-index=\"13\" ><div class=\"wow fadeInUp panel-widget-style panel-widget-style-for-7976-6-0-0\" data-wow-offset=\"10\" data-wow-iteration=\"1\" ><div\n\t\t\t\n\t\t\tclass=\"so-widget-sow-editor so-widget-sow-editor-base\"\n\t\t\t\n\t\t>\n<div class=\"siteorigin-widget-tinymce textwidget\">\n\t<h2>L\u00e5t oss skapa n\u00e5got meningsfullt tillsammans<\/h2>\n<p>Har du en id\u00e9, ett projekt eller en utmaning d\u00e4r jag kan bidra? Jag \u00e4r alltid \u00f6ppen f\u00f6r sp\u00e4nnande samarbeten.<\/p>\n<\/div>\n<\/div><\/div><\/div><div id=\"panel-7976-6-0-1\" class=\"so-panel widget widget_sow-button panel-last-child\" data-index=\"14\" ><div class=\"wow fadeInUp panel-widget-style panel-widget-style-for-7976-6-0-1\" data-wow-offset=\"10\" data-wow-iteration=\"1\" ><div\n\t\t\t\n\t\t\tclass=\"so-widget-sow-button so-widget-sow-button-flat-acdb928dac0b-4531\"\n\t\t\t\n\t\t><div class=\"ow-button-base ow-button-align-left\"\n>\n\t\t\t<a\n\t\t\t\t\thref=\"https:\/\/www.logomotive.se\/eng\/hej\/\"\n\t\t\t\t\tclass=\"sowb-button ow-icon-placement-left ow-button-hover\" \t>\n\t\t<span>\n\t\t\t\n\t\t\tKontakta oss\t\t<\/span>\n\t\t\t<\/a>\n\t<\/div>\n<\/div><\/div><\/div><\/div><div id=\"pgc-7976-6-1\"  class=\"panel-grid-cell\" ><div id=\"panel-7976-6-1-0\" class=\"so-panel widget widget_sow-editor panel-first-child panel-last-child\" data-index=\"15\" ><div class=\"wow fadeInUp panel-widget-style panel-widget-style-for-7976-6-1-0\" data-wow-offset=\"10\" data-wow-iteration=\"1\" ><div\n\t\t\t\n\t\t\tclass=\"so-widget-sow-editor so-widget-sow-editor-base\"\n\t\t\t\n\t\t>\n<div class=\"siteorigin-widget-tinymce textwidget\">\n\t<\/div>\n<\/div><\/div><\/div><\/div><\/div><\/div><\/div>","protected":false},"excerpt":{"rendered":"<p>Design f\u00f6r en h\u00e5llbar framtid Hej, jag heter Peter von Troil. Jag \u00e4r en klimataktivist, grafisk formgivare, ber\u00e4ttare och f\u00f6rel\u00e4sare med en passion f\u00f6r h\u00e5llbarhet, design\u00a0och meningsfull kommunikation. Logomotive \u00e4r mitt kreativa varum\u00e4rke d\u00e4r jag erbjuder tj\u00e4nster inom visuell identitet, storytelling, f\u00f6rel\u00e4sningar och digitalt st\u00f6d \u2013 alltid med h\u00e5llbarhet och f\u00f6r\u00e4ndring i fokus.<\/p>","protected":false},"author":1,"featured_media":0,"parent":0,"menu_order":0,"comment_status":"closed","ping_status":"closed","template":"","meta":{"inline_featured_image":false,"footnotes":""},"class_list":["post-7976","page","type-page","status-publish","hentry"],"_links":{"self":[{"href":"https:\/\/www.logomotive.se\/eng\/wp-json\/wp\/v2\/pages\/7976","targetHints":{"allow":["GET"]}}],"collection":[{"href":"https:\/\/www.logomotive.se\/eng\/wp-json\/wp\/v2\/pages"}],"about":[{"href":"https:\/\/www.logomotive.se\/eng\/wp-json\/wp\/v2\/types\/page"}],"author":[{"embeddable":true,"href":"https:\/\/www.logomotive.se\/eng\/wp-json\/wp\/v2\/users\/1"}],"replies":[{"embeddable":true,"href":"https:\/\/www.logomotive.se\/eng\/wp-json\/wp\/v2\/comments?post=7976"}],"version-history":[{"count":240,"href":"https:\/\/www.logomotive.se\/eng\/wp-json\/wp\/v2\/pages\/7976\/revisions"}],"predecessor-version":[{"id":10706,"href":"https:\/\/www.logomotive.se\/eng\/wp-json\/wp\/v2\/pages\/7976\/revisions\/10706"}],"wp:attachment":[{"href":"https:\/\/www.logomotive.se\/eng\/wp-json\/wp\/v2\/media?parent=7976"}],"curies":[{"name":"wp","href":"https:\/\/api.w.org\/{rel}","templated":true}]}}